{"id":664,"date":"2023-02-17T13:39:11","date_gmt":"2023-02-17T13:39:11","guid":{"rendered":"https:\/\/iwceafrance.com\/?page_id=664"},"modified":"2024-06-27T11:21:25","modified_gmt":"2024-06-27T11:21:25","slug":"mentions-legales","status":"publish","type":"page","link":"https:\/\/iwceafrance.com\/en\/mentions-legales\/","title":{"rendered":"Legal Notices"},"content":{"rendered":"<p><\/p>\n\n\n\n<p><\/p>\n\n\n\n<p class=\"has-theme-palette-2-color has-text-color has-small-font-size\">En vertu de l\u2019article 6 de la loi n\u00b0 2004-575 du 21 juin 2004 pour la confiance dans l\u2019\u00e9conomie num\u00e9rique, il est pr\u00e9cis\u00e9 aux utilisateurs du site internet&nbsp;<a href=\"https:\/\/iwceafrance.com\/en\/\">https:\/\/iwceafrance.com\/<\/a>&nbsp;&nbsp;l\u2019identit\u00e9 des diff\u00e9rents intervenants dans le cadre de sa r\u00e9alisation et de son suivi:<\/p>\n\n\n\n<p class=\"has-theme-palette-2-color has-text-color has-small-font-size\"><strong>Propri\u00e9taire<\/strong>&nbsp;: Association d\u00e9clar\u00e9e: IWCEA France (Internation Wire and Cable Exhibitors Association) RNA num\u00e9ro&nbsp;: W011000725 &nbsp;Capital social de 500\u20ac&nbsp;Num\u00e9ro de TVA: FR58478556855 \u2013 c\/o Numalliance &#8211; Parc d\u2019Activit\u00e9s 88470 SAINT-MICHEL-SUR-MEURTHE &#8211; +&nbsp;33 32 9588533 (ci-apr\u00e8s \u00ab&nbsp;l\u2019association&nbsp;\u00bb).&nbsp;<\/p>\n\n\n\n<p class=\"has-theme-palette-2-color has-text-color has-small-font-size\"><strong>Directeur de publication<\/strong>&nbsp;: Fran\u00e7ois CHAMBELLANT \u2013&nbsp;<a href=\"mailto:contact@iwceafrance.com\">contact@iwceafrance.com<\/a><\/p>\n\n\n\n<p class=\"has-theme-palette-2-color has-text-color has-small-font-size\"><strong>Webmaster<\/strong>&nbsp;: Jocelyne MAYEUR (EI) &#8211; Ubiqoffice \u2013&nbsp;<a href=\"mailto:contact@ubiqoffice.fr\">contact@ubiqoffice.fr<\/a><\/p>\n\n\n\n<p class=\"has-theme-palette-2-color has-text-color has-small-font-size\"><strong>H\u00e9bergeur<\/strong>&nbsp;: Hostinger&nbsp;International Ltd.,&nbsp;61&nbsp;Lordou&nbsp;Vironos&nbsp;str., 6023&nbsp;Larnaca, Chypre&nbsp;<a href=\"mailto:compliance@hostinger.com%20-%20%0b\">compliance@hostinger.com &#8211;&nbsp;<\/a><\/p>\n\n\n\n<p class=\"has-theme-palette-2-color has-text-color\"><strong>CONDITIONS D\u2019UTILISATION<\/strong><\/p>\n\n\n\n<ul class=\"wp-block-list\">\n<li><strong>Propri\u00e9t\u00e9 intellectuelle<\/strong><\/li>\n<\/ul>\n\n\n\n<p class=\"has-theme-palette-2-color has-text-color has-small-font-size\">Sous r\u00e9serve des droits de ses partenaires, le contenu du site est la propri\u00e9t\u00e9 exclusive de l\u2019\u00c9diteur et est prot\u00e9g\u00e9 par les lois fran\u00e7aises et internationales relatives \u00e0 la propri\u00e9t\u00e9 intellectuelle. Ce droit de propri\u00e9t\u00e9 inclut, le cas \u00e9ch\u00e9ant, les bases de donn\u00e9es pr\u00e9sentes sur le site qui sont prot\u00e9g\u00e9es au titre du droit sui generis des producteurs de bases de donn\u00e9es.<\/p>\n\n\n\n<p class=\"has-theme-palette-2-color has-text-color has-small-font-size\">Les \u00e9l\u00e9ments du site, pris dans leur ensemble ou individuellement, ne peuvent faire l\u2019objet d\u2019aucune utilisation, transformation, traduction, adaptation, reproduction, exploitation, totale ou partielle, non express\u00e9ment autoris\u00e9e par l\u2019\u00c9diteur, sous peine de poursuites. Cela signifie notamment que les utilisateurs du site ne peuvent t\u00e9l\u00e9charger ou copier-coller ces contenus \u00e0 d\u00e9faut d\u2019autorisation expresse par la loi ou par l\u2019\u00c9diteur.<\/p>\n\n\n\n<ul class=\"has-theme-palette-2-color has-text-color wp-block-list\">\n<li><strong>Liens hypertextes<\/strong><\/li>\n<\/ul>\n\n\n\n<p class=\"has-theme-palette-2-color has-text-color has-small-font-size\">Le site est susceptible de diriger l\u2019utilisateur via des liens hypertextes vers d\u2019autres sites internet du m\u00eame \u00c9diteur ou de tiers. Il appartient \u00e0 l\u2019utilisateur de consulter les mentions l\u00e9gales de ces sites et de respecter leurs \u00e9ventuelles conditions d\u2019utilisation.<\/p>\n\n\n\n<p class=\"has-theme-palette-2-color has-text-color has-small-font-size\">L\u2019\u00c9diteur ne pourra en aucun cas \u00eatre tenu pour responsable des informations diffus\u00e9es sur les sites vers lesquels renvoient des liens hypertextes pr\u00e9sents sur son site ainsi que de tous pr\u00e9judices de quelque nature que ce soit r\u00e9sultant notamment de l\u2019acc\u00e8s \u00e0 ceux-ci.<\/p>\n\n\n\n<p class=\"has-theme-palette-2-color has-text-color has-small-font-size\">Si une personne dirige ses utilisateurs vers le pr\u00e9sent site internet, l\u2019\u00c9diteur se r\u00e9serve la possibilit\u00e9 de demander la suppression du lien hypertexte pointant vers ce site s\u2019il estime que ce lien n\u2019est pas conforme \u00e0 ses droits et int\u00e9r\u00eats l\u00e9gitimes.<\/p>","protected":false},"excerpt":{"rendered":"<p>En vertu de l\u2019article 6 de la loi n\u00b0 2004-575 du 21 juin 2004 pour la confiance dans l\u2019\u00e9conomie num\u00e9rique, il est pr\u00e9cis\u00e9 aux utilisateurs du site internet&nbsp;https:\/\/iwceafrance.com\/&nbsp;&nbsp;l\u2019identit\u00e9 des diff\u00e9rents intervenants dans le cadre de sa r\u00e9alisation et de son suivi: Propri\u00e9taire&nbsp;: Association d\u00e9clar\u00e9e: IWCEA France (Internation Wire and Cable Exhibitors Association) RNA num\u00e9ro&nbsp;: W011000725&#8230;<\/p>","protected":false},"author":1,"featured_media":0,"parent":0,"menu_order":0,"comment_status":"closed","ping_status":"closed","template":"","meta":{"_kad_post_transparent":"","_kad_post_title":"","_kad_post_layout":"","_kad_post_sidebar_id":"","_kad_post_content_style":"","_kad_post_vertical_padding":"","_kad_post_feature":"","_kad_post_feature_position":"","_kad_post_header":false,"_kad_post_footer":false,"slim_seo":{"noindex":"1","title":"Legal Notices","description":"En vertu de l\u2019article 6 de la loi n\u00b0 2004-575 du 21 juin 2004 pour la confiance dans l\u2019\u00e9conomie num\u00e9rique, il est pr\u00e9cis\u00e9 aux utilisateurs du site internet&nbsp"},"footnotes":""},"class_list":["post-664","page","type-page","status-publish","hentry"],"_links":{"self":[{"href":"https:\/\/iwceafrance.com\/en\/wp-json\/wp\/v2\/pages\/664","targetHints":{"allow":["GET"]}}],"collection":[{"href":"https:\/\/iwceafrance.com\/en\/wp-json\/wp\/v2\/pages"}],"about":[{"href":"https:\/\/iwceafrance.com\/en\/wp-json\/wp\/v2\/types\/page"}],"author":[{"embeddable":true,"href":"https:\/\/iwceafrance.com\/en\/wp-json\/wp\/v2\/users\/1"}],"replies":[{"embeddable":true,"href":"https:\/\/iwceafrance.com\/en\/wp-json\/wp\/v2\/comments?post=664"}],"version-history":[{"count":3,"href":"https:\/\/iwceafrance.com\/en\/wp-json\/wp\/v2\/pages\/664\/revisions"}],"predecessor-version":[{"id":681,"href":"https:\/\/iwceafrance.com\/en\/wp-json\/wp\/v2\/pages\/664\/revisions\/681"}],"wp:attachment":[{"href":"https:\/\/iwceafrance.com\/en\/wp-json\/wp\/v2\/media?parent=664"}],"curies":[{"name":"wp","href":"https:\/\/api.w.org\/{rel}","templated":true}]}}