{"id":324,"date":"2023-01-24T10:37:43","date_gmt":"2023-01-24T10:37:43","guid":{"rendered":"https:\/\/iwceafrance.com\/?page_id=324"},"modified":"2023-05-11T04:28:21","modified_gmt":"2023-05-11T04:28:21","slug":"notre-objectif","status":"publish","type":"page","link":"https:\/\/iwceafrance.com\/en\/notre-objectif\/","title":{"rendered":"Our Purpose"},"content":{"rendered":"<p>  <\/p>\n\n\n\n<p><\/p>\n\n\n\n<div class=\"wp-block-group\"><div class=\"wp-block-group__inner-container is-layout-constrained wp-block-group-is-layout-constrained\">\n<p class=\"has-theme-palette-2-color has-theme-palette-7-background-color has-text-color has-background\">Our purpose is the dynamic of our international members. This animation gives rise to meetings, sharing of experience and even the pooling of resources to facilitate access to Messe D\u00fcsseldorf partner lounges on all continents.<\/p>\n\n\n\n<p class=\"has-theme-palette-2-color has-theme-palette-7-background-color has-text-color has-background\">We are also working to ensure that the various well-targeted markets are approached by organizing conferences on various topics such as the key difficulties related to setting up in the target country (local financial circuit, legal system, identification of actors and specific practices).<\/p>\n\n\n\n<p class=\"has-theme-palette-2-color has-theme-palette-7-background-color has-text-color has-background\">For several years now, the association has been emphasizing interculturality. Indeed, cultural issues and their understanding are essential to the business world to facilitate and succeed in technical and commercial missions.&nbsp;<\/p>\n\n\n\n<p class=\"has-theme-palette-2-color has-theme-palette-7-background-color has-text-color has-background\">Two intercultural meetings take place each year, along with targeted market studies to give maximum visibility to the potential of the countries chosen, generally for their remarkable economic growth.<\/p>\n\n\n\n<p class=\"has-theme-palette-2-color has-theme-palette-7-background-color has-text-color has-background\">Our association can also, on a more occasional basis, organize customer meetings abroad thanks to one or more business partners already established and part of the network of our members. Each company can present its products and services there. These are generally meetings very focused on technical solutions.<\/p>\n\n\n\n<p class=\"has-theme-palette-2-color has-theme-palette-7-background-color has-text-color has-background\">The association also allows the grouping of members' interests vis-\u00e0-vis the authorities, public law communities and other organizations and bodies, in the context of participation in certain foreign trade fairs.<\/p>\n\n\n\n<p class=\"has-theme-palette-2-color has-theme-palette-7-background-color has-text-color has-background\">The advantage of such an approach is to pool efforts and facilitate contact. Together we go further.<\/p>\n\n\n\n<p class=\"has-theme-palette-2-color has-theme-palette-7-background-color has-text-color has-background\">Our multidisciplinary approach saves considerable time thanks to familiarization with the environments of the sector under consideration.&nbsp;<\/p>\n\n\n\n<p class=\"has-theme-palette-2-color has-theme-palette-7-background-color has-text-color has-background\">IWCEA is more than just a fair organizing association. It is the spearhead of an alternative and effective business strategy that advocates cooperation, information sharing and the pooling of its members' efforts.<\/p>\n\n\n\n<p class=\"has-theme-palette-2-color has-theme-palette-7-background-color has-text-color has-background\">Our approach is resolutely conquering; it knows how to pool information to better take advantage of the diversity of its members, which is a powerful economic intelligence mechanism.<\/p>\n<\/div><\/div>","protected":false},"excerpt":{"rendered":"<p>Notre raison d&rsquo;\u00eatre, c\u2019est la dynamique de nos adh\u00e9rents \u00e0 l\u2019international. Cette animation donne lieu \u00e0 des rencontres, du partage d\u2019exp\u00e9rience voire la mutualisation de moyens pour faciliter l\u2019acc\u00e8s aux salons partenaires de Messe D\u00fcsseldorf sur tous les continents. Nous travaillons \u00e9galement pour que les diff\u00e9rents march\u00e9s bien cibl\u00e9s soient approch\u00e9s par l\u2019organisation de conf\u00e9rences&#8230;<\/p>","protected":false},"author":1,"featured_media":0,"parent":0,"menu_order":0,"comment_status":"closed","ping_status":"closed","template":"","meta":{"_kad_post_transparent":"","_kad_post_title":"hide","_kad_post_layout":"narrow","_kad_post_sidebar_id":"","_kad_post_content_style":"unboxed","_kad_post_vertical_padding":"hide","_kad_post_feature":"default","_kad_post_feature_position":"","_kad_post_header":false,"_kad_post_footer":false,"slim_seo":{"title":"Notre raison d'\u00eatre","description":"Notre raison d'\u00eatre, c\u2019est la dynamique de nos adh\u00e9rents \u00e0 l\u2019international. Cette animation donne lieu \u00e0 des rencontres, du partage d\u2019exp\u00e9rience voire la mutual"},"footnotes":""},"class_list":["post-324","page","type-page","status-publish","hentry"],"_links":{"self":[{"href":"https:\/\/iwceafrance.com\/en\/wp-json\/wp\/v2\/pages\/324","targetHints":{"allow":["GET"]}}],"collection":[{"href":"https:\/\/iwceafrance.com\/en\/wp-json\/wp\/v2\/pages"}],"about":[{"href":"https:\/\/iwceafrance.com\/en\/wp-json\/wp\/v2\/types\/page"}],"author":[{"embeddable":true,"href":"https:\/\/iwceafrance.com\/en\/wp-json\/wp\/v2\/users\/1"}],"replies":[{"embeddable":true,"href":"https:\/\/iwceafrance.com\/en\/wp-json\/wp\/v2\/comments?post=324"}],"version-history":[{"count":22,"href":"https:\/\/iwceafrance.com\/en\/wp-json\/wp\/v2\/pages\/324\/revisions"}],"predecessor-version":[{"id":997,"href":"https:\/\/iwceafrance.com\/en\/wp-json\/wp\/v2\/pages\/324\/revisions\/997"}],"wp:attachment":[{"href":"https:\/\/iwceafrance.com\/en\/wp-json\/wp\/v2\/media?parent=324"}],"curies":[{"name":"wp","href":"https:\/\/api.w.org\/{rel}","templated":true}]}}