{"id":22,"date":"2022-12-30T16:31:31","date_gmt":"2022-12-30T16:31:31","guid":{"rendered":"https:\/\/iwceafrance.com\/?page_id=22"},"modified":"2023-04-27T04:26:54","modified_gmt":"2023-04-27T04:26:54","slug":"nous-rejoindre","status":"publish","type":"page","link":"https:\/\/iwceafrance.com\/en\/nous-rejoindre\/","title":{"rendered":"Join us"},"content":{"rendered":"<style>.kb-row-layout-wrap.wp-block-kadence-rowlayout.kb-row-layout-id_3709dc-25{margin-top:80px;}.kb-row-layout-id_3709dc-25 > .kt-row-column-wrap{align-content:center;}:where(.kb-row-layout-id_3709dc-25 > .kt-row-column-wrap) > .wp-block-kadence-column{justify-content:center;}.kb-row-layout-id_3709dc-25 > .kt-row-column-wrap{column-gap:var(--global-kb-gap-md, 2rem);row-gap:var(--global-kb-gap-md, 2rem);max-width:var( --global-content-width, 1290px );padding-left:var(--global-content-edge-padding);padding-right:var(--global-content-edge-padding);padding-top:80px;padding-bottom:80px;min-height:348px;grid-template-columns:minmax(0, 1fr);}.kb-row-layout-id_3709dc-25{background-image:url('http:\/\/iwceafrance.com\/wp-content\/uploads\/2023\/01\/image-3.png');background-size:cover;background-position:14.000000000000002% 67%;background-attachment:scroll;background-repeat:no-repeat;}.kb-row-layout-id_3709dc-25 > .kt-row-layout-overlay{opacity:0.46;background-color:var(--global-palette1, #3182CE);}.kb-row-layout-id_3709dc-25{z-index:473;position:relative;}.kb-row-layout-id_3709dc-25 ,.kb-row-layout-id_3709dc-25 h1,.kb-row-layout-id_3709dc-25 h2,.kb-row-layout-id_3709dc-25 h3,.kb-row-layout-id_3709dc-25 h4,.kb-row-layout-id_3709dc-25 h5,.kb-row-layout-id_3709dc-25 h6{color:#f7f9fa;}.kb-row-layout-id_3709dc-25 .kt-row-layout-bottom-sep{height:100px;}.kb-row-layout-id_3709dc-25 .kt-row-layout-bottom-sep svg{width:183%;}.kb-row-layout-id_3709dc-25 .kt-row-layout-bottom-sep svg{fill:#ffffff!important;}@media all and (max-width: 1024px){.kb-row-layout-id_3709dc-25 > .kt-row-column-wrap{grid-template-columns:minmax(0, 1fr);}}@media all and (max-width: 1024px){.kb-row-layout-id_3709dc-25 .kt-row-layout-bottom-sep{height:px;}}@media all and (max-width: 1024px){.kb-row-layout-id_3709dc-25 .kt-row-layout-bottom-sep svg{width:%;}}@media all and (max-width: 767px){.kb-row-layout-id_3709dc-25 > .kt-row-column-wrap{grid-template-columns:minmax(0, 1fr);}.kb-row-layout-id_3709dc-25 .kt-row-layout-bottom-sep{height:px;}.kb-row-layout-id_3709dc-25 .kt-row-layout-bottom-sep svg{width:%;}}<\/style><div class=\"kb-row-layout-wrap kb-row-layout-id_3709dc-25 alignnone has-theme-palette1-background-color kt-row-has-bg wp-block-kadence-rowlayout\"><div class=\"kt-row-layout-overlay kt-row-overlay-normal\"><\/div><div class=\"kt-row-column-wrap kt-has-1-columns kt-row-layout-equal kt-tab-layout-inherit kt-mobile-layout-row kt-row-valign-middle kb-theme-content-width\">\n<style>.kadence-column_c650d7-90 > .kt-inside-inner-col,.kadence-column_c650d7-90 > .kt-inside-inner-col:before{border-top-left-radius:0px;border-top-right-radius:0px;border-bottom-right-radius:0px;border-bottom-left-radius:0px;}.kadence-column_c650d7-90 > .kt-inside-inner-col{column-gap:var(--global-kb-gap-sm, 1rem);}.kadence-column_c650d7-90 > .kt-inside-inner-col{flex-direction:column;}.kadence-column_c650d7-90 > .kt-inside-inner-col > .aligncenter{width:100%;}.kadence-column_c650d7-90 > .kt-inside-inner-col:before{opacity:0.3;}.kadence-column_c650d7-90{position:relative;}@media all and (max-width: 1024px){.kadence-column_c650d7-90 > .kt-inside-inner-col{flex-direction:column;justify-content:center;}}@media all and (max-width: 767px){.kadence-column_c650d7-90 > .kt-inside-inner-col{flex-direction:column;justify-content:center;}}<\/style>\n<div class=\"wp-block-kadence-column kadence-column_c650d7-90 inner-column-1\"><div class=\"kt-inside-inner-col\"><style>.wp-block-kadence-advancedheading.kt-adv-heading_fed0ff-ae, .wp-block-kadence-advancedheading.kt-adv-heading_fed0ff-ae[data-kb-block=\"kb-adv-heading_fed0ff-ae\"]{text-align:center;font-style:normal;}.wp-block-kadence-advancedheading.kt-adv-heading_fed0ff-ae mark.kt-highlight, .wp-block-kadence-advancedheading.kt-adv-heading_fed0ff-ae[data-kb-block=\"kb-adv-heading_fed0ff-ae\"] mark.kt-highlight{font-style:normal;color:#f76a0c;-webkit-box-decoration-break:clone;box-decoration-break:clone;padding-top:0px;padding-right:0px;padding-bottom:0px;padding-left:0px;}.wp-block-kadence-advancedheading.kt-adv-heading_fed0ff-ae img.kb-inline-image, .wp-block-kadence-advancedheading.kt-adv-heading_fed0ff-ae[data-kb-block=\"kb-adv-heading_fed0ff-ae\"] img.kb-inline-image{width:150px;vertical-align:baseline;}@media all and (max-width: 767px){.wp-block-kadence-advancedheading.kt-adv-heading_fed0ff-ae, .wp-block-kadence-advancedheading.kt-adv-heading_fed0ff-ae[data-kb-block=\"kb-adv-heading_fed0ff-ae\"]{font-size:40px;}}<\/style>\n<h1 class=\"kt-adv-heading_fed0ff-ae wp-block-kadence-advancedheading has-theme-palette-9-color has-text-color\" data-kb-block=\"kb-adv-heading_fed0ff-ae\">Pourquoi nous rejoindre?<\/h1>\n<\/div><\/div>\n\n<\/div><\/div>\n\n<style>.kb-row-layout-id_b0e2f1-24 > .kt-row-column-wrap{align-content:center;}:where(.kb-row-layout-id_b0e2f1-24 > .kt-row-column-wrap) > .wp-block-kadence-column{justify-content:center;}.kb-row-layout-id_b0e2f1-24 > .kt-row-column-wrap{column-gap:80px;row-gap:var(--global-kb-gap-md, 2rem);max-width:var( --global-content-width, 1290px );padding-left:var(--global-content-edge-padding);padding-right:var(--global-content-edge-padding);padding-top:7px;padding-bottom:0px;min-height:530px;grid-template-columns:minmax(0, calc(90% - ((80px * 1 )\/2)))minmax(0, calc(10% - ((80px * 1 )\/2)));}.kb-row-layout-id_b0e2f1-24 > .kt-row-layout-overlay{opacity:0.30;}.kb-row-layout-id_b0e2f1-24{z-index:873;position:relative;}@media all and (max-width: 1024px){.kb-row-layout-id_b0e2f1-24 > .kt-row-column-wrap{grid-template-columns:repeat(2, minmax(0, 1fr));}}@media all and (max-width: 767px){.kb-row-layout-id_b0e2f1-24 > .kt-row-column-wrap{grid-template-columns:minmax(0, 1fr);}}<\/style><div class=\"kb-row-layout-wrap kb-row-layout-id_b0e2f1-24 alignnone wp-block-kadence-rowlayout\"><div class=\"kt-row-column-wrap kt-has-2-columns kt-row-layout-equal kt-tab-layout-inherit kt-mobile-layout-row kt-row-valign-middle kb-theme-content-width\">\n<style>.kadence-column_6575eb-12 > .kt-inside-inner-col,.kadence-column_6575eb-12 > .kt-inside-inner-col:before{border-top-left-radius:0px;border-top-right-radius:0px;border-bottom-right-radius:0px;border-bottom-left-radius:0px;}.kadence-column_6575eb-12 > .kt-inside-inner-col{column-gap:var(--global-kb-gap-sm, 1rem);}.kadence-column_6575eb-12 > .kt-inside-inner-col{flex-direction:column;}.kadence-column_6575eb-12 > .kt-inside-inner-col > .aligncenter{width:100%;}.kadence-column_6575eb-12 > .kt-inside-inner-col:before{opacity:0.3;}.kadence-column_6575eb-12, .kadence-column_6575eb-12 h1, .kadence-column_6575eb-12 h2, .kadence-column_6575eb-12 h3, .kadence-column_6575eb-12 h4, .kadence-column_6575eb-12 h5, .kadence-column_6575eb-12 h6{color:#113c74;}.kadence-column_6575eb-12{position:relative;}@media all and (max-width: 1024px){.kadence-column_6575eb-12 > .kt-inside-inner-col{flex-direction:column;justify-content:center;}}@media all and (max-width: 767px){.kadence-column_6575eb-12 > .kt-inside-inner-col{flex-direction:column;justify-content:center;}}<\/style>\n<div class=\"wp-block-kadence-column kadence-column_6575eb-12 inner-column-1\"><div class=\"kt-inside-inner-col\"><style>.wp-block-kadence-advancedheading.kt-adv-heading_170e18-f3, .wp-block-kadence-advancedheading.kt-adv-heading_170e18-f3[data-kb-block=\"kb-adv-heading_170e18-f3\"]{padding-top:20px;padding-bottom:20px;text-align:left;font-style:normal;color:#115293;}.wp-block-kadence-advancedheading.kt-adv-heading_170e18-f3 mark.kt-highlight, .wp-block-kadence-advancedheading.kt-adv-heading_170e18-f3[data-kb-block=\"kb-adv-heading_170e18-f3\"] mark.kt-highlight{font-style:normal;color:#f76a0c;-webkit-box-decoration-break:clone;box-decoration-break:clone;padding-top:0px;padding-right:0px;padding-bottom:0px;padding-left:0px;}.wp-block-kadence-advancedheading.kt-adv-heading_170e18-f3 img.kb-inline-image, .wp-block-kadence-advancedheading.kt-adv-heading_170e18-f3[data-kb-block=\"kb-adv-heading_170e18-f3\"] img.kb-inline-image{width:150px;vertical-align:baseline;}@media all and (max-width: 767px){.wp-block-kadence-advancedheading.kt-adv-heading_170e18-f3, .wp-block-kadence-advancedheading.kt-adv-heading_170e18-f3[data-kb-block=\"kb-adv-heading_170e18-f3\"]{font-size:24px;}}<\/style>\n<h2 class=\"kt-adv-heading_170e18-f3 wp-block-kadence-advancedheading\" data-kb-block=\"kb-adv-heading_170e18-f3\">Conditions d&rsquo;adh\u00e9sion<\/h2>\n\n\n\n<p>L\u2019adh\u00e9sion \u00e0 l\u2019IWCEA France est ouverte \u00e0 toutes les entreprises francophones (fran\u00e7aises, belges, suisses) qui participent ou envisagent de participer aux salons Wire.  Ce sont des entreprises qui font partie de ce tissu industriel qui va des fils &amp; c\u00e2bles conducteurs aux armatures et autres produits \u00e0 base de fils m\u00e9talliques (aciers et autres applications m\u00e9caniques).\u00a0\u00a0<\/p>\n\n\n\n<p>Nous accueillons aussi volontiers des personnes du monde universitaire ou rattach\u00e9es \u00e0 des p\u00f4les \u00e9conomiques en lien avec cet \u00e9cosyst\u00e8me industriel.  IWCEA France est partenaire de CIMES.\u00a0<\/p>\n\n\n\n<p>Pour de plus amples informations sur l\u2019adh\u00e9sion \u00e0 l&rsquo;association, veuillez contacter nos associations partenaires pour l\u2019Allemagne, l\u2019Autriche ou la France.<\/p>\n\n\n\n<p>QUELS SONT LES AVANTAGES D&rsquo;UNE ADH\u00c9SION?<\/p>\n\n\n<style>.wp-block-kadence-advancedheading.kt-adv-heading_d468c7-6f, .wp-block-kadence-advancedheading.kt-adv-heading_d468c7-6f[data-kb-block=\"kb-adv-heading_d468c7-6f\"]{font-style:normal;}.wp-block-kadence-advancedheading.kt-adv-heading_d468c7-6f mark.kt-highlight, .wp-block-kadence-advancedheading.kt-adv-heading_d468c7-6f[data-kb-block=\"kb-adv-heading_d468c7-6f\"] mark.kt-highlight{font-style:normal;color:#f76a0c;-webkit-box-decoration-break:clone;box-decoration-break:clone;padding-top:0px;padding-right:0px;padding-bottom:0px;padding-left:0px;}.wp-block-kadence-advancedheading.kt-adv-heading_d468c7-6f img.kb-inline-image, .wp-block-kadence-advancedheading.kt-adv-heading_d468c7-6f[data-kb-block=\"kb-adv-heading_d468c7-6f\"] img.kb-inline-image{width:150px;vertical-align:baseline;}<\/style>\n<p class=\"kt-adv-heading_d468c7-6f wp-block-kadence-advancedheading\" data-kb-block=\"kb-adv-heading_d468c7-6f\"><strong>L\u2019adh\u00e9sion \u00e0 nos associations partenaires&nbsp;vous offre de nombreux avantages&nbsp;<\/strong>:<a href=\"\"><\/a><\/p>\n\n\n<style>.wp-block-kadence-iconlist.kt-svg-icon-list-items_b71315-29:not(.this-stops-third-party-issues){margin-top:0px;margin-bottom:0px;}.wp-block-kadence-iconlist.kt-svg-icon-list-items_b71315-29 ul.kt-svg-icon-list:not(.this-prevents-issues):not(.this-stops-third-party-issues):not(.tijsloc){margin-top:0px;margin-right:0px;margin-bottom:10px;margin-left:0px;}.wp-block-kadence-iconlist.kt-svg-icon-list-items_b71315-29 ul.kt-svg-icon-list{grid-row-gap:5px;}.wp-block-kadence-iconlist.kt-svg-icon-list-items_b71315-29 ul.kt-svg-icon-list .kt-svg-icon-list-item-wrap .kt-svg-icon-list-single{margin-right:10px;}<\/style>\n<div class=\"wp-block-kadence-iconlist kt-svg-icon-list-items kt-svg-icon-list-items_b71315-29 kt-svg-icon-list-columns-1 alignnone\"><ul class=\"kt-svg-icon-list\"><style>.kt-svg-icon-list-item-_bcc44d-f6 .kt-svg-icon-list-single{font-size:20px !important;}.kt-svg-icon-list-item-_bcc44d-f6 .kt-svg-icon-list-text mark.kt-highlight{background-color:unset;font-style:normal;color:#f76a0c;-webkit-box-decoration-break:clone;box-decoration-break:clone;padding-top:0px;padding-right:0px;padding-bottom:0px;padding-left:0px;}<\/style>\n<li class=\"wp-block-kadence-listitem kt-svg-icon-list-item-wrap kt-svg-icon-list-item-_bcc44d-f6 kt-svg-icon-list-style-default\"><span class=\"kb-svg-icon-wrap kb-svg-icon-fe_checkCircle kt-svg-icon-list-single\"><svg viewBox=\"0 0 24 24\"  fill=\"none\" stroke=\"currentColor\" stroke-width=\"2\" stroke-linecap=\"round\" stroke-linejoin=\"round\" xmlns=\"http:\/\/www.w3.org\/2000\/svg\"  aria-hidden=\"true\"><path d=\"M22 11.08V12a10 10 0 1 1-5.93-9.14\"\/><polyline points=\"22 4 12 14.01 9 11.01\"\/><\/svg><\/span><span class=\"kt-svg-icon-list-text\">\u00c9v\u00e9nements et formations (interculturalit\u00e9, accompagnement \u00e0 la transition num\u00e9rique et digitale).<\/span><\/li>\n\n\n<style>.kt-svg-icon-list-item-_12b056-95 .kt-svg-icon-list-single{font-size:20px !important;}.kt-svg-icon-list-item-_12b056-95 .kt-svg-icon-list-text mark.kt-highlight{background-color:unset;font-style:normal;color:#f76a0c;-webkit-box-decoration-break:clone;box-decoration-break:clone;padding-top:0px;padding-right:0px;padding-bottom:0px;padding-left:0px;}<\/style>\n<li class=\"wp-block-kadence-listitem kt-svg-icon-list-item-wrap kt-svg-icon-list-item-_12b056-95 kt-svg-icon-list-style-default\"><span class=\"kb-svg-icon-wrap kb-svg-icon-fe_checkCircle kt-svg-icon-list-single\"><svg viewBox=\"0 0 24 24\"  fill=\"none\" stroke=\"currentColor\" stroke-width=\"2\" stroke-linecap=\"round\" stroke-linejoin=\"round\" xmlns=\"http:\/\/www.w3.org\/2000\/svg\"  aria-hidden=\"true\"><path d=\"M22 11.08V12a10 10 0 1 1-5.93-9.14\"\/><polyline points=\"22 4 12 14.01 9 11.01\"\/><\/svg><\/span><span class=\"kt-svg-icon-list-text\">Subventions individualis\u00e9es pour le d\u00e9veloppement \u00e0 l&rsquo;international (actions marketing &amp; commerciales en dehors des salons).<\/span><\/li>\n\n\n<style>.kt-svg-icon-list-item-_7a9f4c-20 .kt-svg-icon-list-single{font-size:20px !important;}.kt-svg-icon-list-item-_7a9f4c-20 .kt-svg-icon-list-text mark.kt-highlight{background-color:unset;font-style:normal;color:#f76a0c;-webkit-box-decoration-break:clone;box-decoration-break:clone;padding-top:0px;padding-right:0px;padding-bottom:0px;padding-left:0px;}<\/style>\n<li class=\"wp-block-kadence-listitem kt-svg-icon-list-item-wrap kt-svg-icon-list-item-_7a9f4c-20 kt-svg-icon-list-style-default\"><span class=\"kb-svg-icon-wrap kb-svg-icon-fe_checkCircle kt-svg-icon-list-single\"><svg viewBox=\"0 0 24 24\"  fill=\"none\" stroke=\"currentColor\" stroke-width=\"2\" stroke-linecap=\"round\" stroke-linejoin=\"round\" xmlns=\"http:\/\/www.w3.org\/2000\/svg\"  aria-hidden=\"true\"><path d=\"M22 11.08V12a10 10 0 1 1-5.93-9.14\"\/><polyline points=\"22 4 12 14.01 9 11.01\"\/><\/svg><\/span><span class=\"kt-svg-icon-list-text\">Subventions individualis\u00e9es pour les salons de notre partenaire Messe D\u00fcsseldorf. <\/span><\/li>\n\n\n<style>.kt-svg-icon-list-item-_741689-f9 .kt-svg-icon-list-single{font-size:20px !important;}.kt-svg-icon-list-item-_741689-f9 .kt-svg-icon-list-text mark.kt-highlight{background-color:unset;font-style:normal;color:#f76a0c;-webkit-box-decoration-break:clone;box-decoration-break:clone;padding-top:0px;padding-right:0px;padding-bottom:0px;padding-left:0px;}<\/style>\n<li class=\"wp-block-kadence-listitem kt-svg-icon-list-item-wrap kt-svg-icon-list-item-_741689-f9 kt-svg-icon-list-style-default\"><span class=\"kb-svg-icon-wrap kb-svg-icon-fe_checkCircle kt-svg-icon-list-single\"><svg viewBox=\"0 0 24 24\"  fill=\"none\" stroke=\"currentColor\" stroke-width=\"2\" stroke-linecap=\"round\" stroke-linejoin=\"round\" xmlns=\"http:\/\/www.w3.org\/2000\/svg\"  aria-hidden=\"true\"><path d=\"M22 11.08V12a10 10 0 1 1-5.93-9.14\"\/><polyline points=\"22 4 12 14.01 9 11.01\"\/><\/svg><\/span><span class=\"kt-svg-icon-list-text\">\u00c9change d\u2019exp\u00e9riences et d\u00e9veloppement de contacts \u00e0 l\u2019occasion des \u00e9v\u00e8nements d\u00e9di\u00e9s.<\/span><\/li>\n\n\n<style>.kt-svg-icon-list-item-_1b9fc8-76 .kt-svg-icon-list-single{font-size:20px !important;}.kt-svg-icon-list-item-_1b9fc8-76 .kt-svg-icon-list-text mark.kt-highlight{background-color:unset;font-style:normal;color:#f76a0c;-webkit-box-decoration-break:clone;box-decoration-break:clone;padding-top:0px;padding-right:0px;padding-bottom:0px;padding-left:0px;}<\/style>\n<li class=\"wp-block-kadence-listitem kt-svg-icon-list-item-wrap kt-svg-icon-list-item-_1b9fc8-76 kt-svg-icon-list-style-default\"><span class=\"kb-svg-icon-wrap kb-svg-icon-fe_checkCircle kt-svg-icon-list-single\"><svg viewBox=\"0 0 24 24\"  fill=\"none\" stroke=\"currentColor\" stroke-width=\"2\" stroke-linecap=\"round\" stroke-linejoin=\"round\" xmlns=\"http:\/\/www.w3.org\/2000\/svg\"  aria-hidden=\"true\"><path d=\"M22 11.08V12a10 10 0 1 1-5.93-9.14\"\/><polyline points=\"22 4 12 14.01 9 11.01\"\/><\/svg><\/span><span class=\"kt-svg-icon-list-text\">Projets de d\u00e9veloppement et de recherche communs.<\/span><\/li>\n\n\n<style>.kt-svg-icon-list-item-_20c308-49 .kt-svg-icon-list-single{font-size:20px !important;}.kt-svg-icon-list-item-_20c308-49 .kt-svg-icon-list-text mark.kt-highlight{background-color:unset;font-style:normal;color:#f76a0c;-webkit-box-decoration-break:clone;box-decoration-break:clone;padding-top:0px;padding-right:0px;padding-bottom:0px;padding-left:0px;}<\/style>\n<li class=\"wp-block-kadence-listitem kt-svg-icon-list-item-wrap kt-svg-icon-list-item-_20c308-49 kt-svg-icon-list-style-default\"><span class=\"kb-svg-icon-wrap kb-svg-icon-fe_checkCircle kt-svg-icon-list-single\"><svg viewBox=\"0 0 24 24\"  fill=\"none\" stroke=\"currentColor\" stroke-width=\"2\" stroke-linecap=\"round\" stroke-linejoin=\"round\" xmlns=\"http:\/\/www.w3.org\/2000\/svg\"  aria-hidden=\"true\"><path d=\"M22 11.08V12a10 10 0 1 1-5.93-9.14\"\/><polyline points=\"22 4 12 14.01 9 11.01\"\/><\/svg><\/span><span class=\"kt-svg-icon-list-text\">Assistance et repr\u00e9sentation des int\u00e9r\u00eats dans les plus grands salons \u00e0 l\u2019\u00e9tranger.<\/span><\/li>\n<\/ul><\/div>\n\n\n\n<div class=\"wp-block-buttons is-layout-flex wp-block-buttons-is-layout-flex\">\n<div class=\"wp-block-button has-custom-width wp-block-button__width-100 has-custom-font-size is-style-fill has-small-font-size\"><a class=\"wp-block-button__link wp-element-button\" href=\"https:\/\/iwceafrance.com\/contact\/\" style=\"border-radius:100px\">Je me renseigne<\/a><\/div>\n<\/div>\n<\/div><\/div>\n\n\n<style>.kadence-column_df3979-98 > .kt-inside-inner-col,.kadence-column_df3979-98 > .kt-inside-inner-col:before{border-top-left-radius:0px;border-top-right-radius:0px;border-bottom-right-radius:0px;border-bottom-left-radius:0px;}.kadence-column_df3979-98 > .kt-inside-inner-col{column-gap:var(--global-kb-gap-sm, 1rem);}.kadence-column_df3979-98 > .kt-inside-inner-col{flex-direction:column;}.kadence-column_df3979-98 > .kt-inside-inner-col > .aligncenter{width:100%;}.kadence-column_df3979-98 > .kt-inside-inner-col:before{opacity:0.3;}.kadence-column_df3979-98{position:relative;}@media all and (max-width: 1024px){.kadence-column_df3979-98 > .kt-inside-inner-col{flex-direction:column;justify-content:center;}}@media all and (max-width: 767px){.kadence-column_df3979-98 > .kt-inside-inner-col{flex-direction:column;justify-content:center;}}<\/style>\n<div class=\"wp-block-kadence-column kadence-column_df3979-98 inner-column-2\"><div class=\"kt-inside-inner-col\"><\/div><\/div>\n\n<\/div><\/div>\n\n<style>.kb-row-layout-id_0c3a4e-ce > .kt-row-column-wrap{align-content:center;}:where(.kb-row-layout-id_0c3a4e-ce > .kt-row-column-wrap) > .wp-block-kadence-column{justify-content:center;}.kb-row-layout-id_0c3a4e-ce > .kt-row-column-wrap{column-gap:80px;row-gap:var(--global-kb-gap-md, 2rem);max-width:var( --global-content-width, 1290px );padding-left:var(--global-content-edge-padding);padding-right:var(--global-content-edge-padding);padding-top:80px;padding-bottom:80px;grid-template-columns:minmax(0, 1fr);}.kb-row-layout-id_0c3a4e-ce > .kt-row-layout-overlay{opacity:0.30;}@media all and (max-width: 1024px){.kb-row-layout-id_0c3a4e-ce > .kt-row-column-wrap{grid-template-columns:minmax(0, 1fr);}}@media all and (max-width: 767px){.kb-row-layout-id_0c3a4e-ce > .kt-row-column-wrap{grid-template-columns:minmax(0, 1fr);}}<\/style><div class=\"kb-row-layout-wrap kb-row-layout-id_0c3a4e-ce alignnone has-theme-palette8-background-color kt-row-has-bg wp-block-kadence-rowlayout\"><div class=\"kt-row-column-wrap kt-has-1-columns kt-row-layout-equal kt-tab-layout-inherit kt-mobile-layout-row kt-row-valign-middle kb-theme-content-width\">\n<style>.kadence-column_3e1b0b-1b > .kt-inside-inner-col,.kadence-column_3e1b0b-1b > .kt-inside-inner-col:before{border-top-left-radius:0px;border-top-right-radius:0px;border-bottom-right-radius:0px;border-bottom-left-radius:0px;}.kadence-column_3e1b0b-1b > .kt-inside-inner-col{column-gap:var(--global-kb-gap-sm, 1rem);}.kadence-column_3e1b0b-1b > .kt-inside-inner-col{flex-direction:column;}.kadence-column_3e1b0b-1b > .kt-inside-inner-col > .aligncenter{width:100%;}.kadence-column_3e1b0b-1b > .kt-inside-inner-col:before{opacity:0.3;}.kadence-column_3e1b0b-1b{position:relative;}@media all and (max-width: 1024px){.kadence-column_3e1b0b-1b > .kt-inside-inner-col{flex-direction:column;justify-content:center;}}@media all and (max-width: 767px){.kadence-column_3e1b0b-1b > .kt-inside-inner-col{flex-direction:column;justify-content:center;}}<\/style>\n<div class=\"wp-block-kadence-column kadence-column_3e1b0b-1b inner-column-1\"><div class=\"kt-inside-inner-col\"><style>.wp-block-kadence-advancedheading.kt-adv-heading_2744ec-d6, .wp-block-kadence-advancedheading.kt-adv-heading_2744ec-d6[data-kb-block=\"kb-adv-heading_2744ec-d6\"]{padding-top:20px;padding-bottom:20px;text-align:center;font-style:normal;}.wp-block-kadence-advancedheading.kt-adv-heading_2744ec-d6 mark.kt-highlight, .wp-block-kadence-advancedheading.kt-adv-heading_2744ec-d6[data-kb-block=\"kb-adv-heading_2744ec-d6\"] mark.kt-highlight{font-style:normal;color:#f76a0c;-webkit-box-decoration-break:clone;box-decoration-break:clone;padding-top:0px;padding-right:0px;padding-bottom:0px;padding-left:0px;}.wp-block-kadence-advancedheading.kt-adv-heading_2744ec-d6 img.kb-inline-image, .wp-block-kadence-advancedheading.kt-adv-heading_2744ec-d6[data-kb-block=\"kb-adv-heading_2744ec-d6\"] img.kb-inline-image{width:150px;vertical-align:baseline;}@media all and (max-width: 767px){.wp-block-kadence-advancedheading.kt-adv-heading_2744ec-d6, .wp-block-kadence-advancedheading.kt-adv-heading_2744ec-d6[data-kb-block=\"kb-adv-heading_2744ec-d6\"]{font-size:24px;}}<\/style>\n<h2 class=\"kt-adv-heading_2744ec-d6 wp-block-kadence-advancedheading has-theme-palette-2-color has-text-color\" data-kb-block=\"kb-adv-heading_2744ec-d6\">La vie de l&rsquo;association<\/h2>\n\n\n<style>.wp-block-kadence-advancedheading.kt-adv-heading_09bda1-8c, .wp-block-kadence-advancedheading.kt-adv-heading_09bda1-8c[data-kb-block=\"kb-adv-heading_09bda1-8c\"]{text-align:center;font-style:normal;}.wp-block-kadence-advancedheading.kt-adv-heading_09bda1-8c mark.kt-highlight, .wp-block-kadence-advancedheading.kt-adv-heading_09bda1-8c[data-kb-block=\"kb-adv-heading_09bda1-8c\"] mark.kt-highlight{font-style:normal;color:#f76a0c;-webkit-box-decoration-break:clone;box-decoration-break:clone;padding-top:0px;padding-right:0px;padding-bottom:0px;padding-left:0px;}.wp-block-kadence-advancedheading.kt-adv-heading_09bda1-8c img.kb-inline-image, .wp-block-kadence-advancedheading.kt-adv-heading_09bda1-8c[data-kb-block=\"kb-adv-heading_09bda1-8c\"] img.kb-inline-image{width:150px;vertical-align:baseline;}<\/style>\n<p class=\"kt-adv-heading_09bda1-8c wp-block-kadence-advancedheading has-theme-palette-1-color has-text-color\" data-kb-block=\"kb-adv-heading_09bda1-8c\">Les membres de l&rsquo;association (18 entreprises), se r\u00e9unissent \u00e0 l&rsquo;occasion des salons internationaux et de deux s\u00e9ances pl\u00e9ni\u00e8res annuelles (dont notre assembl\u00e9e g\u00e9n\u00e9rale).                                                                                                                                                                                                   Les deux rencontres annuelles se font sur deux demi-journ\u00e9es (apr\u00e8s-midi + soir\u00e9e et matin\u00e9e) \u00e0 Lyon, ce qui permet un \u00e9change particuli\u00e8rement convivial. <a href=\"\"><\/a><\/p>\n<\/div><\/div>\n\n<\/div><\/div>","protected":false},"excerpt":{"rendered":"<p>Pourquoi nous rejoindre? Conditions d&rsquo;adh\u00e9sion L\u2019adh\u00e9sion \u00e0 l\u2019IWCEA France est ouverte \u00e0 toutes les entreprises francophones (fran\u00e7aises, belges, suisses) qui participent ou envisagent de participer aux salons Wire. Ce sont des entreprises qui font partie de ce tissu industriel qui va des fils &amp; c\u00e2bles conducteurs aux armatures et autres produits \u00e0 base de fils&#8230;<\/p>","protected":false},"author":1,"featured_media":0,"parent":0,"menu_order":0,"comment_status":"closed","ping_status":"closed","template":"","meta":{"_kad_post_transparent":"","_kad_post_title":"hide","_kad_post_layout":"fullwidth","_kad_post_sidebar_id":"","_kad_post_content_style":"unboxed","_kad_post_vertical_padding":"hide","_kad_post_feature":"","_kad_post_feature_position":"","_kad_post_header":false,"_kad_post_footer":false,"slim_seo":{"title":"Join us","description":""},"footnotes":""},"class_list":["post-22","page","type-page","status-publish","hentry"],"_links":{"self":[{"href":"https:\/\/iwceafrance.com\/en\/wp-json\/wp\/v2\/pages\/22","targetHints":{"allow":["GET"]}}],"collection":[{"href":"https:\/\/iwceafrance.com\/en\/wp-json\/wp\/v2\/pages"}],"about":[{"href":"https:\/\/iwceafrance.com\/en\/wp-json\/wp\/v2\/types\/page"}],"author":[{"embeddable":true,"href":"https:\/\/iwceafrance.com\/en\/wp-json\/wp\/v2\/users\/1"}],"replies":[{"embeddable":true,"href":"https:\/\/iwceafrance.com\/en\/wp-json\/wp\/v2\/comments?post=22"}],"version-history":[{"count":34,"href":"https:\/\/iwceafrance.com\/en\/wp-json\/wp\/v2\/pages\/22\/revisions"}],"predecessor-version":[{"id":942,"href":"https:\/\/iwceafrance.com\/en\/wp-json\/wp\/v2\/pages\/22\/revisions\/942"}],"wp:attachment":[{"href":"https:\/\/iwceafrance.com\/en\/wp-json\/wp\/v2\/media?parent=22"}],"curies":[{"name":"wp","href":"https:\/\/api.w.org\/{rel}","templated":true}]}}