{"id":13,"date":"2022-12-30T15:22:34","date_gmt":"2022-12-30T15:22:34","guid":{"rendered":"https:\/\/iwceafrance.com\/?page_id=13"},"modified":"2024-06-26T10:27:54","modified_gmt":"2024-06-26T10:27:54","slug":"nos-partenaires","status":"publish","type":"page","link":"https:\/\/iwceafrance.com\/en\/nos-partenaires\/","title":{"rendered":"Our engagement"},"content":{"rendered":"\n<p><\/p>\n\n\n\n<p><\/p>\n\n\n\n<p><\/p>\n\n\n<style>.kb-row-layout-id13_470fdc-b0 > .kt-row-column-wrap{align-content:start;}:where(.kb-row-layout-id13_470fdc-b0 > .kt-row-column-wrap) > .wp-block-kadence-column{justify-content:start;}.kb-row-layout-id13_470fdc-b0 > .kt-row-column-wrap{column-gap:var(--global-kb-gap-md, 2rem);row-gap:var(--global-kb-gap-md, 2rem);max-width:972px;margin-left:auto;margin-right:auto;padding-top:0px;padding-right:0px;padding-bottom:60px;padding-left:0px;min-height:18px;grid-template-columns:minmax(0, 1fr);}.kb-row-layout-id13_470fdc-b0{border-top-left-radius:0px;border-top-right-radius:0px;border-bottom-right-radius:0px;border-bottom-left-radius:0px;}.kb-row-layout-id13_470fdc-b0{border-top:50px solid transparent;}.kb-row-layout-id13_470fdc-b0{background-image:url('http:\/\/iwceafrance.com\/wp-content\/uploads\/2023\/01\/image-3.png');background-size:cover;background-position:center center;background-attachment:scroll;background-repeat:no-repeat;}.kb-row-layout-id13_470fdc-b0 > .kt-row-layout-overlay{opacity:0.56;background-color:rgba(51, 158, 224, 0.88);mix-blend-mode:exclusion;}.kb-row-layout-id13_470fdc-b0 ,.kb-row-layout-id13_470fdc-b0 h1,.kb-row-layout-id13_470fdc-b0 h2,.kb-row-layout-id13_470fdc-b0 h3,.kb-row-layout-id13_470fdc-b0 h4,.kb-row-layout-id13_470fdc-b0 h5,.kb-row-layout-id13_470fdc-b0 h6{color:var(--global-palette2, #2B6CB0);}.kb-row-layout-id13_470fdc-b0 .kt-row-layout-bottom-sep{height:102px;}.kb-row-layout-id13_470fdc-b0 .kt-row-layout-bottom-sep svg{width:100%;}.kb-row-layout-id13_470fdc-b0 .kt-row-layout-bottom-sep svg{fill:#ffffff!important;}@media all and (max-width: 1024px){.kb-row-layout-id13_470fdc-b0 > .kt-row-column-wrap{grid-template-columns:minmax(0, 1fr);}}@media all and (max-width: 1024px){.kb-row-layout-id13_470fdc-b0{border-top:50px solid transparent;}}@media all and (max-width: 1024px){.kb-row-layout-id13_470fdc-b0 .kt-row-layout-bottom-sep{height:px;}}@media all and (max-width: 1024px){.kb-row-layout-id13_470fdc-b0 .kt-row-layout-bottom-sep svg{width:%;}}@media all and (max-width: 767px){.kb-row-layout-id13_470fdc-b0 > .kt-row-column-wrap{padding-top:60px;padding-right:0px;padding-bottom:60px;padding-left:0px;grid-template-columns:minmax(0, 1fr);}.kb-row-layout-id13_470fdc-b0{border-top:50px solid transparent;}.kb-row-layout-id13_470fdc-b0 .kt-row-layout-bottom-sep{height:px;}.kb-row-layout-id13_470fdc-b0 .kt-row-layout-bottom-sep svg{width:%;}}<\/style><div class=\"kb-row-layout-wrap kb-row-layout-id13_470fdc-b0 alignnone has-theme-palette9-background-color kt-row-has-bg wp-block-kadence-rowlayout\"><div class=\"kt-row-layout-overlay kt-row-overlay-normal\"><\/div><div class=\"kt-row-column-wrap kt-has-1-columns kt-row-layout-equal kt-tab-layout-inherit kt-mobile-layout-row kt-row-valign-top\">\n<style>.kadence-column13_c055f0-2a > .kt-inside-inner-col{padding-right:5px;padding-left:0px;}.kadence-column13_c055f0-2a > .kt-inside-inner-col{min-height:115px;}.kadence-column13_c055f0-2a > .kt-inside-inner-col,.kadence-column13_c055f0-2a > .kt-inside-inner-col:before{border-top-left-radius:0px;border-top-right-radius:0px;border-bottom-right-radius:0px;border-bottom-left-radius:0px;}.kadence-column13_c055f0-2a > .kt-inside-inner-col{column-gap:var(--global-kb-gap-sm, 1rem);}.kadence-column13_c055f0-2a > .kt-inside-inner-col{flex-direction:column;}.kadence-column13_c055f0-2a > .kt-inside-inner-col > .aligncenter{width:100%;}.kadence-column13_c055f0-2a > .kt-inside-inner-col:before{opacity:0.3;}.kadence-column13_c055f0-2a{position:relative;}.kadence-column13_c055f0-2a, .kt-inside-inner-col > .kadence-column13_c055f0-2a:not(.specificity){margin-left:0px;}@media all and (max-width: 1024px){.kadence-column13_c055f0-2a > .kt-inside-inner-col{flex-direction:column;justify-content:center;}}@media all and (max-width: 767px){.kadence-column13_c055f0-2a > .kt-inside-inner-col{flex-direction:column;justify-content:center;}}<\/style>\n<div class=\"wp-block-kadence-column kadence-column13_c055f0-2a inner-column-1\"><div class=\"kt-inside-inner-col\">\n<h2 class=\"wp-block-heading has-theme-palette-1-color has-text-color has-larger-font-size\">Notre engagement<\/h2>\n\n\n\n<p class=\"has-text-align-left has-theme-palette-9-color has-text-color has-medium-font-size\">Le salon de D\u00fcsseldorf est de tr\u00e8s loin celui qui mobilise le plus la \u00ab&nbsp;plan\u00e8te Wire &amp; Cable&nbsp;\u00bb. Son attractivit\u00e9 est consid\u00e9rable. C\u2019est le salon incontournable pour notre industrie et notre partenariat avec Messe D\u00fcsseldorf nous procure des moyens d\u2019action.<\/p>\n\n\n\n<p class=\"has-theme-palette-8-color has-text-color has-medium-font-size\">A l\u2019occasion de cet \u00e9v\u00e8nement majeur \u00ab&nbsp;naturel&nbsp;\u00bb, notre association encourage la gestion des clients et prospects&nbsp;: acc\u00e8s gratuit aux moyens d\u2019enregistrement des badges, r\u00e9duction du co\u00fbt des invitations avec en plus un forfait de 30 entr\u00e9es gratuites pour encourager l\u2019animation de nos r\u00e9seaux commerciaux autour de cet \u00e9v\u00e8nement.<\/p>\n\n\n\n<p class=\"has-theme-palette-8-color has-text-color has-medium-font-size\">Pour les autres salons \u00e0 l\u2019\u00e9tranger, nous facilitons le regroupement des soci\u00e9t\u00e9s membres (\u00eelots communs, pavillon fran\u00e7ais), \u00e0 partir d\u2019un minimum de 6 exposants, ou alors nous participons au co\u00fbt de l\u2019installation (au prorata des m\u00b2). Nous pouvons aussi organiser un stand commun pour proposer un acc\u00e8s au salon \u00e0 co\u00fbt minime.<\/p>\n\n\n\n<p class=\"has-theme-palette-8-color has-text-color has-medium-font-size\">La r\u00e9ussite \u00e0 l\u2019international passe par une bonne compr\u00e9hension interculturelle et nous proposons deux rencontres annuelles sur cette th\u00e9matique, en lien avec l\u2019agenda des salons ou en fonction des tendances de march\u00e9s (pays porteurs de croissance).  Ces rencontres ont lieu \u00e0 Lyon.                      &nbsp;<\/p>\n<\/div><\/div>\n\n<\/div><\/div>\n\n<style>.kb-row-layout-id13_ad6a02-e9 > .kt-row-column-wrap{align-content:start;}:where(.kb-row-layout-id13_ad6a02-e9 > .kt-row-column-wrap) > .wp-block-kadence-column{justify-content:start;}.kb-row-layout-id13_ad6a02-e9 > .kt-row-column-wrap{column-gap:var(--global-kb-gap-md, 2rem);row-gap:var(--global-kb-gap-md, 2rem);max-width:var( --global-content-width, 1290px );padding-left:var(--global-content-edge-padding);padding-right:var(--global-content-edge-padding);padding-top:80px;padding-right:20px;padding-bottom:0px;padding-left:20px;grid-template-columns:minmax(0, 1fr);}.kb-row-layout-id13_ad6a02-e9 > .kt-row-layout-overlay{opacity:0.30;}@media all and (max-width: 1024px){.kb-row-layout-id13_ad6a02-e9 > .kt-row-column-wrap{padding-top:60px;padding-right:150px;padding-bottom:60px;padding-left:150px;grid-template-columns:minmax(0, 1fr);}}@media all and (max-width: 767px){.kb-row-layout-id13_ad6a02-e9 > .kt-row-column-wrap{padding-top:60px;padding-right:30px;padding-bottom:60px;padding-left:30px;grid-template-columns:minmax(0, 1fr);}}<\/style><div class=\"kb-row-layout-wrap kb-row-layout-id13_ad6a02-e9 alignnone wp-block-kadence-rowlayout\"><div class=\"kt-row-column-wrap kt-has-1-columns kt-row-layout-equal kt-tab-layout-inherit kt-mobile-layout-row kt-row-valign-top kb-theme-content-width\">\n<style>.kadence-column13_c74b08-86 > .kt-inside-inner-col,.kadence-column13_c74b08-86 > .kt-inside-inner-col:before{border-top-left-radius:0px;border-top-right-radius:0px;border-bottom-right-radius:0px;border-bottom-left-radius:0px;}.kadence-column13_c74b08-86 > .kt-inside-inner-col{column-gap:var(--global-kb-gap-sm, 1rem);}.kadence-column13_c74b08-86 > .kt-inside-inner-col{flex-direction:column;}.kadence-column13_c74b08-86 > .kt-inside-inner-col > .aligncenter{width:100%;}.kadence-column13_c74b08-86 > .kt-inside-inner-col:before{opacity:0.3;}.kadence-column13_c74b08-86{position:relative;}@media all and (max-width: 1024px){.kadence-column13_c74b08-86 > .kt-inside-inner-col{flex-direction:column;justify-content:center;}}@media all and (max-width: 767px){.kadence-column13_c74b08-86 > .kt-inside-inner-col{flex-direction:column;justify-content:center;}}<\/style>\n<div class=\"wp-block-kadence-column kadence-column13_c74b08-86 inner-column-1\"><div class=\"kt-inside-inner-col\"><style>.kb-row-layout-id13_07a28c-50 > .kt-row-column-wrap{align-content:start;}:where(.kb-row-layout-id13_07a28c-50 > .kt-row-column-wrap) > .wp-block-kadence-column{justify-content:start;}.kb-row-layout-id13_07a28c-50 > .kt-row-column-wrap{column-gap:var(--global-kb-gap-md, 2rem);row-gap:var(--global-kb-gap-md, 2rem);max-width:0px;margin-left:auto;margin-right:auto;padding-top:25px;padding-bottom:146px;grid-template-columns:minmax(0, 1fr);}.kb-row-layout-id13_07a28c-50{background-image:url('http:\/\/iwceafrance.com\/wp-content\/uploads\/2024\/06\/Capture-decran-2024-06-26-a-18.26.20.png');background-size:cover;background-position:33% 100%;background-attachment:scroll;background-repeat:no-repeat;}.kb-row-layout-id13_07a28c-50 > .kt-row-layout-overlay{opacity:0.30;}.kb-row-layout-id13_07a28c-50{z-index:113;position:relative;}.kb-row-layout-id13_07a28c-50 .kt-row-layout-bottom-sep{height:66px;}.kb-row-layout-id13_07a28c-50 .kt-row-layout-bottom-sep svg{width:101%;}.kb-row-layout-id13_07a28c-50 .kt-row-layout-bottom-sep svg{fill:#ffffff!important;}@media all and (max-width: 1024px){.kb-row-layout-id13_07a28c-50 > .kt-row-column-wrap{padding-bottom:20px;grid-template-columns:minmax(0, 1fr);}}@media all and (max-width: 1024px){.kb-row-layout-id13_07a28c-50 .kt-row-layout-bottom-sep{height:px;}}@media all and (max-width: 1024px){.kb-row-layout-id13_07a28c-50 .kt-row-layout-bottom-sep svg{width:%;}}@media all and (max-width: 767px){.kb-row-layout-id13_07a28c-50 > .kt-row-column-wrap{padding-top:0px;padding-bottom:0px;grid-template-columns:minmax(0, 1fr);}.kb-row-layout-id13_07a28c-50 .kt-row-layout-bottom-sep{height:px;}.kb-row-layout-id13_07a28c-50 .kt-row-layout-bottom-sep svg{width:%;}}<\/style><div class=\"kb-row-layout-wrap kb-row-layout-id13_07a28c-50 alignnone kt-row-has-bg wp-block-kadence-rowlayout\"><div class=\"kt-row-column-wrap kt-has-1-columns kt-row-layout-equal kt-tab-layout-inherit kt-mobile-layout-row kt-row-valign-top\">\n<style>.kadence-column13_f6895a-d9 > .kt-inside-inner-col,.kadence-column13_f6895a-d9 > .kt-inside-inner-col:before{border-top-left-radius:0px;border-top-right-radius:0px;border-bottom-right-radius:0px;border-bottom-left-radius:0px;}.kadence-column13_f6895a-d9 > .kt-inside-inner-col{column-gap:var(--global-kb-gap-sm, 1rem);}.kadence-column13_f6895a-d9 > .kt-inside-inner-col{flex-direction:column;}.kadence-column13_f6895a-d9 > .kt-inside-inner-col > .aligncenter{width:100%;}.kadence-column13_f6895a-d9 > .kt-inside-inner-col:before{opacity:0.3;}.kadence-column13_f6895a-d9{position:relative;}@media all and (max-width: 1024px){.kadence-column13_f6895a-d9 > .kt-inside-inner-col{flex-direction:column;justify-content:center;}}@media all and (max-width: 767px){.kadence-column13_f6895a-d9 > .kt-inside-inner-col{flex-direction:column;justify-content:center;}}<\/style>\n<div class=\"wp-block-kadence-column kadence-column13_f6895a-d9 inner-column-1\"><div class=\"kt-inside-inner-col\"><style>.wp-block-kadence-advancedheading.kt-adv-heading13_65b198-db, .wp-block-kadence-advancedheading.kt-adv-heading13_65b198-db[data-kb-block=\"kb-adv-heading13_65b198-db\"]{margin-right:200px;margin-left:200px;text-align:center;font-size:5px;line-height:5px;font-style:normal;}.wp-block-kadence-advancedheading.kt-adv-heading13_65b198-db mark.kt-highlight, .wp-block-kadence-advancedheading.kt-adv-heading13_65b198-db[data-kb-block=\"kb-adv-heading13_65b198-db\"] mark.kt-highlight{font-style:normal;color:#f76a0c;-webkit-box-decoration-break:clone;box-decoration-break:clone;padding-top:0px;padding-right:0px;padding-bottom:0px;padding-left:0px;}.wp-block-kadence-advancedheading.kt-adv-heading13_65b198-db img.kb-inline-image, .wp-block-kadence-advancedheading.kt-adv-heading13_65b198-db[data-kb-block=\"kb-adv-heading13_65b198-db\"] img.kb-inline-image{width:150px;vertical-align:baseline;}<\/style>\n<h6 class=\"kt-adv-heading13_65b198-db wp-block-kadence-advancedheading\" data-kb-block=\"kb-adv-heading13_65b198-db\"><\/h6>\n\n\n<style>.wp-block-kadence-advancedheading.kt-adv-heading13_0ce98b-f3, .wp-block-kadence-advancedheading.kt-adv-heading13_0ce98b-f3[data-kb-block=\"kb-adv-heading13_0ce98b-f3\"]{padding-top:320px;padding-right:200px;padding-bottom:250px;padding-left:162px;font-size:5px;line-height:5px;font-style:normal;}.wp-block-kadence-advancedheading.kt-adv-heading13_0ce98b-f3 mark.kt-highlight, .wp-block-kadence-advancedheading.kt-adv-heading13_0ce98b-f3[data-kb-block=\"kb-adv-heading13_0ce98b-f3\"] mark.kt-highlight{font-style:normal;color:#f76a0c;-webkit-box-decoration-break:clone;box-decoration-break:clone;padding-top:0px;padding-right:0px;padding-bottom:0px;padding-left:0px;}.wp-block-kadence-advancedheading.kt-adv-heading13_0ce98b-f3 img.kb-inline-image, .wp-block-kadence-advancedheading.kt-adv-heading13_0ce98b-f3[data-kb-block=\"kb-adv-heading13_0ce98b-f3\"] img.kb-inline-image{width:150px;vertical-align:baseline;}@media all and (max-width: 767px){.wp-block-kadence-advancedheading.kt-adv-heading13_0ce98b-f3, .wp-block-kadence-advancedheading.kt-adv-heading13_0ce98b-f3[data-kb-block=\"kb-adv-heading13_0ce98b-f3\"]{font-size:26px;}}<\/style>\n<h2 class=\"kt-adv-heading13_0ce98b-f3 wp-block-kadence-advancedheading\" data-kb-block=\"kb-adv-heading13_0ce98b-f3\"><\/h2>\n<\/div><\/div>\n\n<\/div><\/div>\n\n<style>.kb-row-layout-id13_9539d6-99 > .kt-row-column-wrap{align-content:start;}:where(.kb-row-layout-id13_9539d6-99 > .kt-row-column-wrap) > .wp-block-kadence-column{justify-content:start;}.kb-row-layout-id13_9539d6-99 > .kt-row-column-wrap{column-gap:var(--global-kb-gap-md, 2rem);row-gap:var(--global-kb-gap-none, 0rem );padding-top:20px;padding-right:10px;padding-bottom:4px;grid-template-columns:minmax(0, calc(85% - ((var(--global-kb-gap-md, 2rem) * 1 )\/2)))minmax(0, calc(15% - ((var(--global-kb-gap-md, 2rem) * 1 )\/2)));}.kb-row-layout-id13_9539d6-99 > .kt-row-layout-overlay{opacity:0.30;}@media all and (max-width: 1024px){.kb-row-layout-id13_9539d6-99 > .kt-row-column-wrap{grid-template-columns:minmax(0, 1fr);}}@media all and (max-width: 767px){.kb-row-layout-id13_9539d6-99 > .kt-row-column-wrap{grid-template-columns:minmax(0, 1fr);}}<\/style><div class=\"kb-row-layout-wrap kb-row-layout-id13_9539d6-99 alignnone wp-block-kadence-rowlayout\"><div class=\"kt-row-column-wrap kt-has-2-columns kt-row-layout-equal kt-tab-layout-row kt-mobile-layout-row kt-row-valign-top\">\n<style>.kadence-column13_a3e82e-93 > .kt-inside-inner-col,.kadence-column13_a3e82e-93 > .kt-inside-inner-col:before{border-top-left-radius:0px;border-top-right-radius:0px;border-bottom-right-radius:0px;border-bottom-left-radius:0px;}.kadence-column13_a3e82e-93 > .kt-inside-inner-col{column-gap:var(--global-kb-gap-sm, 1rem);}.kadence-column13_a3e82e-93 > .kt-inside-inner-col{flex-direction:column;}.kadence-column13_a3e82e-93 > .kt-inside-inner-col > .aligncenter{width:100%;}.kadence-column13_a3e82e-93 > .kt-inside-inner-col:before{opacity:0.3;}.kadence-column13_a3e82e-93{position:relative;}@media all and (max-width: 1024px){.kadence-column13_a3e82e-93 > .kt-inside-inner-col{flex-direction:column;justify-content:center;}}@media all and (max-width: 767px){.kadence-column13_a3e82e-93 > .kt-inside-inner-col{flex-direction:column;justify-content:center;}}<\/style>\n<div class=\"wp-block-kadence-column kadence-column13_a3e82e-93 inner-column-1\"><div class=\"kt-inside-inner-col\">\n<h2 class=\"wp-block-heading has-theme-palette-2-color has-text-color\">Rencontrez-nous lors de salons<\/h2>\n\n\n\n<p class=\"has-theme-palette-2-color has-text-color\">Nous serons heureux de vous accueillir lors de diff\u00e9rents salons et exhibitions \u00e0 travers le monde.<\/p>\n<\/div><\/div>\n\n\n<style>.kadence-column13_a37789-be > .kt-inside-inner-col,.kadence-column13_a37789-be > .kt-inside-inner-col:before{border-top-left-radius:0px;border-top-right-radius:0px;border-bottom-right-radius:0px;border-bottom-left-radius:0px;}.kadence-column13_a37789-be > .kt-inside-inner-col{column-gap:var(--global-kb-gap-sm, 1rem);}.kadence-column13_a37789-be > .kt-inside-inner-col{flex-direction:column;}.kadence-column13_a37789-be > .kt-inside-inner-col > .aligncenter{width:100%;}.kadence-column13_a37789-be > .kt-inside-inner-col:before{opacity:0.3;}.kadence-column13_a37789-be{position:relative;}@media all and (max-width: 1024px){.kadence-column13_a37789-be > .kt-inside-inner-col{flex-direction:column;justify-content:center;}}@media all and (max-width: 767px){.kadence-column13_a37789-be > .kt-inside-inner-col{flex-direction:column;justify-content:center;}}<\/style>\n<div class=\"wp-block-kadence-column kadence-column13_a37789-be inner-column-2\"><div class=\"kt-inside-inner-col\">\n<figure class=\"wp-block-image size-full\"><a href=\"https:\/\/www.messe-duesseldorf.com\"><img loading=\"lazy\" decoding=\"async\" width=\"286\" height=\"252\" src=\"https:\/\/iwceafrance.com\/wp-content\/uploads\/2023\/02\/image-10.png\" alt=\"\" class=\"wp-image-643\" srcset=\"https:\/\/iwceafrance.com\/wp-content\/uploads\/2023\/02\/image-10.png 286w, https:\/\/iwceafrance.com\/wp-content\/uploads\/2023\/02\/image-10-14x12.png 14w\" sizes=\"auto, (max-width: 286px) 100vw, 286px\" \/><\/a><\/figure>\n<\/div><\/div>\n\n<\/div><\/div>\n\n<style>.kadence-column13_031ee3-43 > .kt-inside-inner-col,.kadence-column13_031ee3-43 > .kt-inside-inner-col:before{border-top-left-radius:0px;border-top-right-radius:0px;border-bottom-right-radius:0px;border-bottom-left-radius:0px;}.kadence-column13_031ee3-43 > .kt-inside-inner-col{column-gap:var(--global-kb-gap-sm, 1rem);}.kadence-column13_031ee3-43 > .kt-inside-inner-col{flex-direction:column;}.kadence-column13_031ee3-43 > .kt-inside-inner-col > .aligncenter{width:100%;}.kadence-column13_031ee3-43 > .kt-inside-inner-col:before{opacity:0.3;}.kadence-column13_031ee3-43{position:relative;}@media all and (max-width: 1024px){.kadence-column13_031ee3-43 > .kt-inside-inner-col{flex-direction:column;justify-content:center;}}@media all and (max-width: 767px){.kadence-column13_031ee3-43 > .kt-inside-inner-col{flex-direction:column;justify-content:center;}}<\/style>\n<div class=\"wp-block-kadence-column kadence-column13_031ee3-43\"><div class=\"kt-inside-inner-col\"><div class=\"wp-block-image\">\n<figure class=\"aligncenter size-large is-resized\"><img loading=\"lazy\" decoding=\"async\" width=\"1024\" height=\"159\" src=\"https:\/\/iwceafrance.com\/wp-content\/uploads\/2024\/06\/Capture-decran-2024-06-24-a-20.49.30-1-1024x159.png\" alt=\"\" class=\"wp-image-1191\" style=\"width:1114px;height:auto\" srcset=\"https:\/\/iwceafrance.com\/wp-content\/uploads\/2024\/06\/Capture-decran-2024-06-24-a-20.49.30-1-1024x159.png 1024w, https:\/\/iwceafrance.com\/wp-content\/uploads\/2024\/06\/Capture-decran-2024-06-24-a-20.49.30-1-300x47.png 300w, https:\/\/iwceafrance.com\/wp-content\/uploads\/2024\/06\/Capture-decran-2024-06-24-a-20.49.30-1-768x119.png 768w, https:\/\/iwceafrance.com\/wp-content\/uploads\/2024\/06\/Capture-decran-2024-06-24-a-20.49.30-1-1536x239.png 1536w, https:\/\/iwceafrance.com\/wp-content\/uploads\/2024\/06\/Capture-decran-2024-06-24-a-20.49.30-1-2048x318.png 2048w, https:\/\/iwceafrance.com\/wp-content\/uploads\/2024\/06\/Capture-decran-2024-06-24-a-20.49.30-1-18x3.png 18w\" sizes=\"auto, (max-width: 1024px) 100vw, 1024px\" \/><\/figure><\/div><\/div><\/div>\n<\/div><\/div>\n\n<\/div><\/div>\n\n\n<p><\/p>\n\n\n\n<p><\/p>\n","protected":false},"excerpt":{"rendered":"<p>Notre engagement Le salon de D\u00fcsseldorf est de tr\u00e8s loin celui qui mobilise le plus la \u00ab&nbsp;plan\u00e8te Wire &amp; Cable&nbsp;\u00bb. Son attractivit\u00e9 est consid\u00e9rable. C\u2019est le salon incontournable pour notre industrie et notre partenariat avec Messe D\u00fcsseldorf nous procure des moyens d\u2019action. A l\u2019occasion de cet \u00e9v\u00e8nement majeur \u00ab&nbsp;naturel&nbsp;\u00bb, notre association encourage la gestion des&#8230;<\/p>","protected":false},"author":1,"featured_media":0,"parent":0,"menu_order":0,"comment_status":"closed","ping_status":"closed","template":"","meta":{"_kad_post_transparent":"","_kad_post_title":"hide","_kad_post_layout":"fullwidth","_kad_post_sidebar_id":"","_kad_post_content_style":"unboxed","_kad_post_vertical_padding":"hide","_kad_post_feature":"default","_kad_post_feature_position":"","_kad_post_header":false,"_kad_post_footer":false,"slim_seo":{"title":"Our engagement","description":""},"footnotes":""},"class_list":["post-13","page","type-page","status-publish","hentry"],"_links":{"self":[{"href":"https:\/\/iwceafrance.com\/en\/wp-json\/wp\/v2\/pages\/13","targetHints":{"allow":["GET"]}}],"collection":[{"href":"https:\/\/iwceafrance.com\/en\/wp-json\/wp\/v2\/pages"}],"about":[{"href":"https:\/\/iwceafrance.com\/en\/wp-json\/wp\/v2\/types\/page"}],"author":[{"embeddable":true,"href":"https:\/\/iwceafrance.com\/en\/wp-json\/wp\/v2\/users\/1"}],"replies":[{"embeddable":true,"href":"https:\/\/iwceafrance.com\/en\/wp-json\/wp\/v2\/comments?post=13"}],"version-history":[{"count":68,"href":"https:\/\/iwceafrance.com\/en\/wp-json\/wp\/v2\/pages\/13\/revisions"}],"predecessor-version":[{"id":1226,"href":"https:\/\/iwceafrance.com\/en\/wp-json\/wp\/v2\/pages\/13\/revisions\/1226"}],"wp:attachment":[{"href":"https:\/\/iwceafrance.com\/en\/wp-json\/wp\/v2\/media?parent=13"}],"curies":[{"name":"wp","href":"https:\/\/api.w.org\/{rel}","templated":true}]}}